{"id":6391,"date":"2023-10-18T22:14:47","date_gmt":"2023-10-18T20:14:47","guid":{"rendered":"https:\/\/lipa.coach\/about-us\/julius-ciba\/"},"modified":"2025-04-24T08:54:04","modified_gmt":"2025-04-24T06:54:04","slug":"julius-ciba","status":"publish","type":"page","link":"https:\/\/lipa.coach\/en\/about-us\/julius-ciba\/","title":{"rendered":"J\u00falius Ciba"},"content":{"rendered":"\t\t<div data-elementor-type=\"wp-page\" data-elementor-id=\"6391\" class=\"elementor elementor-6391 elementor-1621\" data-elementor-post-type=\"page\">\n\t\t\t\t<div class=\"elementor-element elementor-element-2b656cd e-flex e-con-boxed e-con e-parent\" data-id=\"2b656cd\" data-element_type=\"container\" data-e-type=\"container\">\n\t\t\t\t\t<div class=\"e-con-inner\">\n\t\t<div class=\"elementor-element elementor-element-9054e69 e-flex e-con-boxed e-con e-child\" data-id=\"9054e69\" data-element_type=\"container\" data-e-type=\"container\">\n\t\t\t\t\t<div class=\"e-con-inner\">\n\t\t<div class=\"elementor-element elementor-element-ed607d1 e-con-full e-flex e-con e-child\" data-id=\"ed607d1\" data-element_type=\"container\" data-e-type=\"container\">\n\t\t\t\t<div class=\"elementor-element elementor-element-bf2a2d8 elementor-widget elementor-widget-image\" data-id=\"bf2a2d8\" data-element_type=\"widget\" data-e-type=\"widget\" data-widget_type=\"image.default\">\n\t\t\t\t<div class=\"elementor-widget-container\">\n\t\t\t\t\t\t\t\t\t\t\t\t\t\t\t<img fetchpriority=\"high\" decoding=\"async\" width=\"500\" height=\"750\" src=\"https:\/\/lipa.coach\/wp-content\/uploads\/2023\/10\/Julius.png\" class=\"attachment-large size-large wp-image-5860\" alt=\"\" srcset=\"https:\/\/lipa.coach\/wp-content\/uploads\/2023\/10\/Julius.png 500w, https:\/\/lipa.coach\/wp-content\/uploads\/2023\/10\/Julius-200x300.png 200w\" sizes=\"(max-width: 500px) 100vw, 500px\" \/>\t\t\t\t\t\t\t\t\t\t\t\t\t\t\t<\/div>\n\t\t\t\t<\/div>\n\t\t\t\t<\/div>\n\t\t<div class=\"elementor-element elementor-element-4a46863 e-con-full e-flex e-con e-child\" data-id=\"4a46863\" data-element_type=\"container\" data-e-type=\"container\">\n\t\t\t\t<div class=\"elementor-element elementor-element-80f932e elementor-widget elementor-widget-heading\" data-id=\"80f932e\" data-element_type=\"widget\" data-e-type=\"widget\" data-widget_type=\"heading.default\">\n\t\t\t\t<div class=\"elementor-widget-container\">\n\t\t\t\t\t<h2 class=\"elementor-heading-title elementor-size-default\">J\u00falius C\u00edba<\/h2>\t\t\t\t<\/div>\n\t\t\t\t<\/div>\n\t\t\t\t<div class=\"elementor-element elementor-element-86cc029 elementor-widget elementor-widget-text-editor\" data-id=\"86cc029\" data-element_type=\"widget\" data-e-type=\"widget\" data-widget_type=\"text-editor.default\">\n\t\t\t\t<div class=\"elementor-widget-container\">\n\t\t\t\t\t\t\t\t\t<div>\n<div>\n<p>Talent mentor and certified coach<\/p>\n<\/div>\n<\/div>\n<div>\n<div>\n<p>julius.ciba@lipa.coach<\/p>\n<\/div>\n<p>I am here to help you succeed on your talent journey. I benefit from my many years of experience with the leadership of numerous teams (&gt;500) in a corporate automotive environment. I believe you all have the freedom to bring out the superstar you were born to be. Being the absolute best of my potential is the yardstick I hold myself to. In doing so, I move myself and the environment towards a more fulfilling life experience through strengths. My vision is to build a culture in our companies, as well as a culture in society, based on strengths.     <\/p>\n<p class=\"p1\">I am also an enthusiast of nature, cold water and life. I was interested in the world of bees and their coexistence as a superorganism, I also completed my education in this field and lead the civic association Na\u0161e v\u010dely o.z., for awareness in the field of the environment. Time spent with bees is one of the best forms of meditation and human cultivation.  <\/p>\n<p class=\"p2\"><b>Productive \/ Learner \/ Relationships \/ Confidence \/ Ideas \/ Uniqueness \/ Significance \/ Focus \/ Positivity \/ Responsibility<\/b><\/p>\n<\/div>\n\t\t\t\t\t\t\t\t<\/div>\n\t\t\t\t<\/div>\n\t\t\t\t<\/div>\n\t\t\t\t\t<\/div>\n\t\t\t\t<\/div>\n\t\t\t\t\t<\/div>\n\t\t\t\t<\/div>\n\t\t\t\t<\/div>\n\t\t","protected":false},"excerpt":{"rendered":"<p>J\u00falius C\u00edba Talent mentor and certified coach julius.ciba@lipa.coach I am here to help you succeed on your talent journey. I benefit from my many years of experience with the leadership of numerous teams (&gt;500) in a corporate automotive environment. I believe you all have the freedom to bring out the superstar you were born to [&hellip;]<\/p>\n","protected":false},"author":1,"featured_media":0,"parent":6386,"menu_order":0,"comment_status":"closed","ping_status":"closed","template":"elementor_header_footer","meta":{"_acf_changed":false,"footnotes":""},"class_list":["post-6391","page","type-page","status-publish","hentry"],"acf":[],"yoast_head":"<!-- This site is optimized with the Yoast SEO plugin v27.2 - https:\/\/yoast.com\/product\/yoast-seo-wordpress\/ -->\n<title>J\u00falius Ciba - Lipa<\/title>\n<meta name=\"robots\" content=\"index, follow, max-snippet:-1, max-image-preview:large, max-video-preview:-1\" \/>\n<link rel=\"canonical\" href=\"https:\/\/lipa.coach\/en\/about-us\/julius-ciba\/\" \/>\n<meta property=\"og:locale\" content=\"en_US\" \/>\n<meta property=\"og:type\" content=\"article\" \/>\n<meta property=\"og:title\" content=\"J\u00falius Ciba - Lipa\" \/>\n<meta property=\"og:description\" content=\"J\u00falius C\u00edba Talent mentor and certified coach julius.ciba@lipa.coach I am here to help you succeed on your talent journey. I benefit from my many years of experience with the leadership of numerous teams (&gt;500) in a corporate automotive environment. I believe you all have the freedom to bring out the superstar you were born to [&hellip;]\" \/>\n<meta property=\"og:url\" content=\"https:\/\/lipa.coach\/en\/about-us\/julius-ciba\/\" \/>\n<meta property=\"og:site_name\" content=\"Lipa\" \/>\n<meta property=\"article:modified_time\" content=\"2025-04-24T06:54:04+00:00\" \/>\n<meta property=\"og:image\" content=\"https:\/\/lipa.coach\/wp-content\/uploads\/2023\/10\/Julius.png\" \/>\n<meta name=\"twitter:card\" content=\"summary_large_image\" \/>\n<meta name=\"twitter:label1\" content=\"Est. reading time\" \/>\n\t<meta name=\"twitter:data1\" content=\"1 minute\" \/>\n<script type=\"application\/ld+json\" class=\"yoast-schema-graph\">{\"@context\":\"https:\/\/schema.org\",\"@graph\":[{\"@type\":\"WebPage\",\"@id\":\"https:\/\/lipa.coach\/en\/about-us\/julius-ciba\/\",\"url\":\"https:\/\/lipa.coach\/en\/about-us\/julius-ciba\/\",\"name\":\"J\u00falius Ciba - Lipa\",\"isPartOf\":{\"@id\":\"https:\/\/lipa.coach\/en\/#website\"},\"primaryImageOfPage\":{\"@id\":\"https:\/\/lipa.coach\/en\/about-us\/julius-ciba\/#primaryimage\"},\"image\":{\"@id\":\"https:\/\/lipa.coach\/en\/about-us\/julius-ciba\/#primaryimage\"},\"thumbnailUrl\":\"https:\/\/lipa.coach\/wp-content\/uploads\/2023\/10\/Julius.png\",\"datePublished\":\"2023-10-18T20:14:47+00:00\",\"dateModified\":\"2025-04-24T06:54:04+00:00\",\"breadcrumb\":{\"@id\":\"https:\/\/lipa.coach\/en\/about-us\/julius-ciba\/#breadcrumb\"},\"inLanguage\":\"en-US\",\"potentialAction\":[{\"@type\":\"ReadAction\",\"target\":[\"https:\/\/lipa.coach\/en\/about-us\/julius-ciba\/\"]}]},{\"@type\":\"ImageObject\",\"inLanguage\":\"en-US\",\"@id\":\"https:\/\/lipa.coach\/en\/about-us\/julius-ciba\/#primaryimage\",\"url\":\"https:\/\/lipa.coach\/wp-content\/uploads\/2023\/10\/Julius.png\",\"contentUrl\":\"https:\/\/lipa.coach\/wp-content\/uploads\/2023\/10\/Julius.png\"},{\"@type\":\"BreadcrumbList\",\"@id\":\"https:\/\/lipa.coach\/en\/about-us\/julius-ciba\/#breadcrumb\",\"itemListElement\":[{\"@type\":\"ListItem\",\"position\":1,\"name\":\"Home\",\"item\":\"https:\/\/lipa.coach\/en\/\"},{\"@type\":\"ListItem\",\"position\":2,\"name\":\"About us\",\"item\":\"https:\/\/lipa.coach\/en\/about-us\/\"},{\"@type\":\"ListItem\",\"position\":3,\"name\":\"J\u00falius Ciba\"}]},{\"@type\":\"WebSite\",\"@id\":\"https:\/\/lipa.coach\/en\/#website\",\"url\":\"https:\/\/lipa.coach\/en\/\",\"name\":\"Lipa\",\"description\":\"\",\"publisher\":{\"@id\":\"https:\/\/lipa.coach\/en\/#organization\"},\"potentialAction\":[{\"@type\":\"SearchAction\",\"target\":{\"@type\":\"EntryPoint\",\"urlTemplate\":\"https:\/\/lipa.coach\/en\/?s={search_term_string}\"},\"query-input\":{\"@type\":\"PropertyValueSpecification\",\"valueRequired\":true,\"valueName\":\"search_term_string\"}}],\"inLanguage\":\"en-US\"},{\"@type\":\"Organization\",\"@id\":\"https:\/\/lipa.coach\/en\/#organization\",\"name\":\"Lipa\",\"url\":\"https:\/\/lipa.coach\/en\/\",\"logo\":{\"@type\":\"ImageObject\",\"inLanguage\":\"en-US\",\"@id\":\"https:\/\/lipa.coach\/en\/#\/schema\/logo\/image\/\",\"url\":\"https:\/\/lipa.coach\/wp-content\/uploads\/2021\/12\/logo-lipa.svg\",\"contentUrl\":\"https:\/\/lipa.coach\/wp-content\/uploads\/2021\/12\/logo-lipa.svg\",\"width\":194,\"height\":108,\"caption\":\"Lipa\"},\"image\":{\"@id\":\"https:\/\/lipa.coach\/en\/#\/schema\/logo\/image\/\"}}]}<\/script>\n<!-- \/ Yoast SEO plugin. -->","yoast_head_json":{"title":"J\u00falius Ciba - Lipa","robots":{"index":"index","follow":"follow","max-snippet":"max-snippet:-1","max-image-preview":"max-image-preview:large","max-video-preview":"max-video-preview:-1"},"canonical":"https:\/\/lipa.coach\/en\/about-us\/julius-ciba\/","og_locale":"en_US","og_type":"article","og_title":"J\u00falius Ciba - Lipa","og_description":"J\u00falius C\u00edba Talent mentor and certified coach julius.ciba@lipa.coach I am here to help you succeed on your talent journey. I benefit from my many years of experience with the leadership of numerous teams (&gt;500) in a corporate automotive environment. I believe you all have the freedom to bring out the superstar you were born to [&hellip;]","og_url":"https:\/\/lipa.coach\/en\/about-us\/julius-ciba\/","og_site_name":"Lipa","article_modified_time":"2025-04-24T06:54:04+00:00","og_image":[{"url":"https:\/\/lipa.coach\/wp-content\/uploads\/2023\/10\/Julius.png","type":"","width":"","height":""}],"twitter_card":"summary_large_image","twitter_misc":{"Est. reading time":"1 minute"},"schema":{"@context":"https:\/\/schema.org","@graph":[{"@type":"WebPage","@id":"https:\/\/lipa.coach\/en\/about-us\/julius-ciba\/","url":"https:\/\/lipa.coach\/en\/about-us\/julius-ciba\/","name":"J\u00falius Ciba - Lipa","isPartOf":{"@id":"https:\/\/lipa.coach\/en\/#website"},"primaryImageOfPage":{"@id":"https:\/\/lipa.coach\/en\/about-us\/julius-ciba\/#primaryimage"},"image":{"@id":"https:\/\/lipa.coach\/en\/about-us\/julius-ciba\/#primaryimage"},"thumbnailUrl":"https:\/\/lipa.coach\/wp-content\/uploads\/2023\/10\/Julius.png","datePublished":"2023-10-18T20:14:47+00:00","dateModified":"2025-04-24T06:54:04+00:00","breadcrumb":{"@id":"https:\/\/lipa.coach\/en\/about-us\/julius-ciba\/#breadcrumb"},"inLanguage":"en-US","potentialAction":[{"@type":"ReadAction","target":["https:\/\/lipa.coach\/en\/about-us\/julius-ciba\/"]}]},{"@type":"ImageObject","inLanguage":"en-US","@id":"https:\/\/lipa.coach\/en\/about-us\/julius-ciba\/#primaryimage","url":"https:\/\/lipa.coach\/wp-content\/uploads\/2023\/10\/Julius.png","contentUrl":"https:\/\/lipa.coach\/wp-content\/uploads\/2023\/10\/Julius.png"},{"@type":"BreadcrumbList","@id":"https:\/\/lipa.coach\/en\/about-us\/julius-ciba\/#breadcrumb","itemListElement":[{"@type":"ListItem","position":1,"name":"Home","item":"https:\/\/lipa.coach\/en\/"},{"@type":"ListItem","position":2,"name":"About us","item":"https:\/\/lipa.coach\/en\/about-us\/"},{"@type":"ListItem","position":3,"name":"J\u00falius Ciba"}]},{"@type":"WebSite","@id":"https:\/\/lipa.coach\/en\/#website","url":"https:\/\/lipa.coach\/en\/","name":"Lipa","description":"","publisher":{"@id":"https:\/\/lipa.coach\/en\/#organization"},"potentialAction":[{"@type":"SearchAction","target":{"@type":"EntryPoint","urlTemplate":"https:\/\/lipa.coach\/en\/?s={search_term_string}"},"query-input":{"@type":"PropertyValueSpecification","valueRequired":true,"valueName":"search_term_string"}}],"inLanguage":"en-US"},{"@type":"Organization","@id":"https:\/\/lipa.coach\/en\/#organization","name":"Lipa","url":"https:\/\/lipa.coach\/en\/","logo":{"@type":"ImageObject","inLanguage":"en-US","@id":"https:\/\/lipa.coach\/en\/#\/schema\/logo\/image\/","url":"https:\/\/lipa.coach\/wp-content\/uploads\/2021\/12\/logo-lipa.svg","contentUrl":"https:\/\/lipa.coach\/wp-content\/uploads\/2021\/12\/logo-lipa.svg","width":194,"height":108,"caption":"Lipa"},"image":{"@id":"https:\/\/lipa.coach\/en\/#\/schema\/logo\/image\/"}}]}},"_links":{"self":[{"href":"https:\/\/lipa.coach\/en\/wp-json\/wp\/v2\/pages\/6391","targetHints":{"allow":["GET"]}}],"collection":[{"href":"https:\/\/lipa.coach\/en\/wp-json\/wp\/v2\/pages"}],"about":[{"href":"https:\/\/lipa.coach\/en\/wp-json\/wp\/v2\/types\/page"}],"author":[{"embeddable":true,"href":"https:\/\/lipa.coach\/en\/wp-json\/wp\/v2\/users\/1"}],"replies":[{"embeddable":true,"href":"https:\/\/lipa.coach\/en\/wp-json\/wp\/v2\/comments?post=6391"}],"version-history":[{"count":2,"href":"https:\/\/lipa.coach\/en\/wp-json\/wp\/v2\/pages\/6391\/revisions"}],"predecessor-version":[{"id":6522,"href":"https:\/\/lipa.coach\/en\/wp-json\/wp\/v2\/pages\/6391\/revisions\/6522"}],"up":[{"embeddable":true,"href":"https:\/\/lipa.coach\/en\/wp-json\/wp\/v2\/pages\/6386"}],"wp:attachment":[{"href":"https:\/\/lipa.coach\/en\/wp-json\/wp\/v2\/media?parent=6391"}],"curies":[{"name":"wp","href":"https:\/\/api.w.org\/{rel}","templated":true}]}}